{"id":8,"date":"2011-08-02T04:43:33","date_gmt":"2011-08-02T04:43:33","guid":{"rendered":"http:\/\/sindicatoservipag.cl\/wp\/?page_id=8"},"modified":"2022-11-11T17:46:25","modified_gmt":"2022-11-11T17:46:25","slug":"directorio","status":"publish","type":"page","link":"http:\/\/sindicatoservipag.cl\/wp\/?page_id=8","title":{"rendered":"DIRECTIVA"},"content":{"rendered":"<section  class='av_textblock_section av-11qv4-66bd21bcbc0130a0b53901b2315b3e0f'  itemscope=\"itemscope\" itemtype=\"https:\/\/schema.org\/CreativeWork\" ><div class='avia_textblock'  itemprop=\"text\" ><h1><span style=\"color: #0000ff;\"><strong>Sindicato de Empresa Servipag Ltda.<\/strong><\/span><\/h1>\n<p><strong>R.S.U. 13.01.2337<\/strong><\/p>\n<p>direcci\u00f3n: Mac Iver # 484. oficina 68, Santiago Centro<\/p>\n<p>tel\u00e9fono: 226332561<\/p>\n<p><strong>Correo Electr\u00f3nico Oficial<\/strong>: oficina@sindicatoservipag.cl<\/p>\n<p>A continuaci\u00f3n damos a conocer nuestra Directiva Sindical periodo 2022-2025, y as\u00ed ponemos a disposici\u00f3n de todos las socias y socios, un canal de comunicaci\u00f3n efectivo y eficaz, para la atenci\u00f3n de sus dudas y\/o problemas.<\/p>\n<\/div><\/section>\n\n<style type=\"text\/css\" data-created_by=\"avia_inline_auto\" id=\"style-css-av-3mks-16d180d090a5f5c830b7a3c87f7ef327\">\n#top .av-special-heading.av-3mks-16d180d090a5f5c830b7a3c87f7ef327{\npadding-bottom:10px;\n}\nbody .av-special-heading.av-3mks-16d180d090a5f5c830b7a3c87f7ef327 .av-special-heading-tag .heading-char{\nfont-size:25px;\n}\n.av-special-heading.av-3mks-16d180d090a5f5c830b7a3c87f7ef327 .av-subheading{\nfont-size:15px;\n}\n<\/style>\n<div  class='av-special-heading av-3mks-16d180d090a5f5c830b7a3c87f7ef327 av-special-heading-h3 custom-color-heading  avia-builder-el-1  el_after_av_textblock  el_before_av_one_half '><h3 class='av-special-heading-tag'  itemprop=\"headline\"  >CARGOS<\/h3><div class=\"special-heading-border\"><div class=\"special-heading-inner-border\"><\/div><\/div><\/div>\n<div class='flex_column av-wiwq-6db8fe51e361c63bd20f5037748bdf24 av_one_half  avia-builder-el-2  el_after_av_heading  el_before_av_one_half  first flex_column_div '   ><p><section  class='av_textblock_section av-vaso-0f54004937a0fc9974f29fc3258211a9'  itemscope=\"itemscope\" itemtype=\"https:\/\/schema.org\/CreativeWork\" ><div class='avia_textblock'  itemprop=\"text\" ><p>FANNY PE\u00d1A ZAMORA<br \/>\nCargo: SECRETARIA<br \/>\nMovil: 944668450<br \/>\nCorreo: fannyp@sindicatoservipag.cl<\/p>\n<\/div><\/section><br \/>\n\n<style type=\"text\/css\" data-created_by=\"avia_inline_auto\" id=\"style-css-av-tz0y-aa204755051b883c7ab8ce17c6fa1167\">\n.avia-image-container.av-tz0y-aa204755051b883c7ab8ce17c6fa1167 .av-image-caption-overlay-center{\ncolor:#ffffff;\n}\n<\/style>\n<div  class='avia-image-container av-tz0y-aa204755051b883c7ab8ce17c6fa1167 av-styling- avia-align-center  avia-builder-el-4  el_after_av_textblock  avia-builder-el-last '  itemprop=\"image\" itemscope=\"itemscope\" itemtype=\"https:\/\/schema.org\/ImageObject\" ><div class=\"avia-image-container-inner\"><div class=\"avia-image-overlay-wrap\"><img decoding=\"async\" class='wp-image-1289 avia-img-lazy-loading-not-1289 avia_image' src=\"http:\/\/sindicatoservipag.cl\/wp\/wp-content\/uploads\/2011\/08\/result-1-169x300.jpg\" alt='' title='result (1)'  height=\"300\" width=\"169\"  itemprop=\"thumbnailUrl\" srcset=\"http:\/\/sindicatoservipag.cl\/wp\/wp-content\/uploads\/2011\/08\/result-1-169x300.jpg 169w, http:\/\/sindicatoservipag.cl\/wp\/wp-content\/uploads\/2011\/08\/result-1-397x705.jpg 397w, http:\/\/sindicatoservipag.cl\/wp\/wp-content\/uploads\/2011\/08\/result-1.jpg 400w\" sizes=\"(max-width: 169px) 100vw, 169px\" \/><\/div><\/div><\/div><\/p><\/div><div class='flex_column av-qivi-227074c0de55bb4c6830774a43fafed0 av_one_half  avia-builder-el-5  el_after_av_one_half  el_before_av_one_half  flex_column_div '   ><p><section  class='av_textblock_section av-of6s-8d5b7feb441c29954350fcaf87d5e6d4'  itemscope=\"itemscope\" itemtype=\"https:\/\/schema.org\/CreativeWork\" ><div class='avia_textblock'  itemprop=\"text\" ><p>LIDIA GIANINA DOMINGUEZ CAMAN<br \/>\nCargo: TESORERA<br \/>\nM\u00f3vil: 950088163<br \/>\nCorreo: lidiad@sindicatoservipag.cl<\/p>\n<\/div><\/section><br \/>\n\n<style type=\"text\/css\" data-created_by=\"avia_inline_auto\" id=\"style-css-av-n5j6-702483d56d6e65912cbe5955d340a8d3\">\n.avia-image-container.av-n5j6-702483d56d6e65912cbe5955d340a8d3 .av-image-caption-overlay-center{\ncolor:#ffffff;\n}\n<\/style>\n<div  class='avia-image-container av-n5j6-702483d56d6e65912cbe5955d340a8d3 av-styling- avia-align-center  avia-builder-el-7  el_after_av_textblock  avia-builder-el-last '  itemprop=\"image\" itemscope=\"itemscope\" itemtype=\"https:\/\/schema.org\/ImageObject\" ><div class=\"avia-image-container-inner\"><div class=\"avia-image-overlay-wrap\"><img decoding=\"async\" class='wp-image-1290 avia-img-lazy-loading-not-1290 avia_image' src=\"http:\/\/sindicatoservipag.cl\/wp\/wp-content\/uploads\/2011\/08\/result-2-169x300.jpg\" alt='' title='result (2)'  height=\"300\" width=\"169\"  itemprop=\"thumbnailUrl\" srcset=\"http:\/\/sindicatoservipag.cl\/wp\/wp-content\/uploads\/2011\/08\/result-2-169x300.jpg 169w, http:\/\/sindicatoservipag.cl\/wp\/wp-content\/uploads\/2011\/08\/result-2-397x705.jpg 397w, http:\/\/sindicatoservipag.cl\/wp\/wp-content\/uploads\/2011\/08\/result-2.jpg 400w\" sizes=\"(max-width: 169px) 100vw, 169px\" \/><\/div><\/div><\/div><\/p><\/div><div class='flex_column av-l2zu-bba18e0c479b2164c4b8443ff26eb8d5 av_one_half  avia-builder-el-8  el_after_av_one_half  el_before_av_one_half  first flex_column_div column-top-margin'   ><p><section  class='av_textblock_section av-i032-32aa11bf2234b252df1a788557e7f8fd'  itemscope=\"itemscope\" itemtype=\"https:\/\/schema.org\/CreativeWork\" ><div class='avia_textblock'  itemprop=\"text\" ><p>YANINE LORENA TARDON BUSTAMANTE<br \/>\nCargo: PRESIDENTA<br \/>\nM\u00f3vil: 986919922<br \/>\nCorreo: yaninet@sindicatoservipag.cl<\/p>\n<\/div><\/section><br \/>\n\n<style type=\"text\/css\" data-created_by=\"avia_inline_auto\" id=\"style-css-av-fwoc-48de3dfc433ffa77b96d47a805a69ed5\">\n.avia-image-container.av-fwoc-48de3dfc433ffa77b96d47a805a69ed5 .av-image-caption-overlay-center{\ncolor:#ffffff;\n}\n<\/style>\n<div  class='avia-image-container av-fwoc-48de3dfc433ffa77b96d47a805a69ed5 av-styling- avia-align-center  avia-builder-el-10  el_after_av_textblock  avia-builder-el-last '  itemprop=\"image\" itemscope=\"itemscope\" itemtype=\"https:\/\/schema.org\/ImageObject\" ><div class=\"avia-image-container-inner\"><div class=\"avia-image-overlay-wrap\"><img decoding=\"async\" class='wp-image-1291 avia-img-lazy-loading-not-1291 avia_image' src=\"http:\/\/sindicatoservipag.cl\/wp\/wp-content\/uploads\/2011\/08\/result-3-169x300.jpg\" alt='' title='result (3)'  height=\"300\" width=\"169\"  itemprop=\"thumbnailUrl\" srcset=\"http:\/\/sindicatoservipag.cl\/wp\/wp-content\/uploads\/2011\/08\/result-3-169x300.jpg 169w, http:\/\/sindicatoservipag.cl\/wp\/wp-content\/uploads\/2011\/08\/result-3-397x705.jpg 397w, http:\/\/sindicatoservipag.cl\/wp\/wp-content\/uploads\/2011\/08\/result-3.jpg 400w\" sizes=\"(max-width: 169px) 100vw, 169px\" \/><\/div><\/div><\/div><\/p><\/div><div class='flex_column av-dt2y-a60d4a4f81b778255aa4e5123fa4a56b av_one_half  avia-builder-el-11  el_after_av_one_half  el_before_av_one_half  flex_column_div column-top-margin'   ><p><section  class='av_textblock_section av-cqx2-0cfc18bcc5cb0781c57ac99a392f85c4'  itemscope=\"itemscope\" itemtype=\"https:\/\/schema.org\/CreativeWork\" ><div class='avia_textblock'  itemprop=\"text\" ><p>NELSON OLIVOS TORO<br \/>\nCargo: DIRECTOR 1<br \/>\nM\u00f3vil: 964685784<br \/>\nCorreo: nelsono@sindicatoservipag.cl<\/p>\n<\/div><\/section><br \/>\n\n<style type=\"text\/css\" data-created_by=\"avia_inline_auto\" id=\"style-css-av-9dy2-b7da6b8eed18f5cabde05287037a22d1\">\n.avia-image-container.av-9dy2-b7da6b8eed18f5cabde05287037a22d1 .av-image-caption-overlay-center{\ncolor:#ffffff;\n}\n<\/style>\n<div  class='avia-image-container av-9dy2-b7da6b8eed18f5cabde05287037a22d1 av-styling- avia-align-center  avia-builder-el-13  el_after_av_textblock  avia-builder-el-last '  itemprop=\"image\" itemscope=\"itemscope\" itemtype=\"https:\/\/schema.org\/ImageObject\" ><div class=\"avia-image-container-inner\"><div class=\"avia-image-overlay-wrap\"><img decoding=\"async\" class='wp-image-1292 avia-img-lazy-loading-not-1292 avia_image' src=\"http:\/\/sindicatoservipag.cl\/wp\/wp-content\/uploads\/2011\/08\/result-4-169x300.jpg\" alt='' title='result (4)'  height=\"300\" width=\"169\"  itemprop=\"thumbnailUrl\" srcset=\"http:\/\/sindicatoservipag.cl\/wp\/wp-content\/uploads\/2011\/08\/result-4-169x300.jpg 169w, http:\/\/sindicatoservipag.cl\/wp\/wp-content\/uploads\/2011\/08\/result-4-397x705.jpg 397w, http:\/\/sindicatoservipag.cl\/wp\/wp-content\/uploads\/2011\/08\/result-4.jpg 400w\" sizes=\"(max-width: 169px) 100vw, 169px\" \/><\/div><\/div><\/div><\/p><\/div><div class='flex_column av-79l6-af44afc8d34061c0cd86b9206d633c0a av_one_half  avia-builder-el-14  el_after_av_one_half  avia-builder-el-last  first flex_column_div column-top-margin'   ><p><section  class='av_textblock_section av-4jjg-9cfa715c0432cfc12bffc594eb70651b'  itemscope=\"itemscope\" itemtype=\"https:\/\/schema.org\/CreativeWork\" ><div class='avia_textblock'  itemprop=\"text\" ><p>RODRIGO ANDR\u00c9S FERN\u00c1DEZ MEZA<br \/>\nCargo: DIRECTOR 2<br \/>\nM\u00f3vil: 9 4550 7087<br \/>\nCorreo: rodrigof@sindicatoservipag.cl<\/p>\n<\/div><\/section><br \/>\n\n<style type=\"text\/css\" data-created_by=\"avia_inline_auto\" id=\"style-css-av-3eba-4476ced3668c12f87253b8c68d87b1d7\">\n.avia-image-container.av-3eba-4476ced3668c12f87253b8c68d87b1d7 .av-image-caption-overlay-center{\ncolor:#ffffff;\n}\n<\/style>\n<div  class='avia-image-container av-3eba-4476ced3668c12f87253b8c68d87b1d7 av-styling- avia-align-center  avia-builder-el-16  el_after_av_textblock  avia-builder-el-last '  itemprop=\"image\" itemscope=\"itemscope\" itemtype=\"https:\/\/schema.org\/ImageObject\" ><div class=\"avia-image-container-inner\"><div class=\"avia-image-overlay-wrap\"><img decoding=\"async\" class='wp-image-1317 avia-img-lazy-loading-not-1317 avia_image' src=\"http:\/\/sindicatoservipag.cl\/wp\/wp-content\/uploads\/2011\/08\/Rodrigo-169x300.jpg\" alt='' title='Rodrigo'  height=\"300\" width=\"169\"  itemprop=\"thumbnailUrl\" srcset=\"http:\/\/sindicatoservipag.cl\/wp\/wp-content\/uploads\/2011\/08\/Rodrigo-169x300.jpg 169w, http:\/\/sindicatoservipag.cl\/wp\/wp-content\/uploads\/2011\/08\/Rodrigo.jpg 300w\" sizes=\"(max-width: 169px) 100vw, 169px\" \/><\/div><\/div><\/div><\/p><\/div><\/p>\n","protected":false},"excerpt":{"rendered":"","protected":false},"author":1,"featured_media":930,"parent":0,"menu_order":2,"comment_status":"closed","ping_status":"closed","template":"","meta":[],"_links":{"self":[{"href":"http:\/\/sindicatoservipag.cl\/wp\/index.php?rest_route=\/wp\/v2\/pages\/8"}],"collection":[{"href":"http:\/\/sindicatoservipag.cl\/wp\/index.php?rest_route=\/wp\/v2\/pages"}],"about":[{"href":"http:\/\/sindicatoservipag.cl\/wp\/index.php?rest_route=\/wp\/v2\/types\/page"}],"author":[{"embeddable":true,"href":"http:\/\/sindicatoservipag.cl\/wp\/index.php?rest_route=\/wp\/v2\/users\/1"}],"replies":[{"embeddable":true,"href":"http:\/\/sindicatoservipag.cl\/wp\/index.php?rest_route=%2Fwp%2Fv2%2Fcomments&post=8"}],"version-history":[{"count":65,"href":"http:\/\/sindicatoservipag.cl\/wp\/index.php?rest_route=\/wp\/v2\/pages\/8\/revisions"}],"predecessor-version":[{"id":1423,"href":"http:\/\/sindicatoservipag.cl\/wp\/index.php?rest_route=\/wp\/v2\/pages\/8\/revisions\/1423"}],"wp:featuredmedia":[{"embeddable":true,"href":"http:\/\/sindicatoservipag.cl\/wp\/index.php?rest_route=\/wp\/v2\/media\/930"}],"wp:attachment":[{"href":"http:\/\/sindicatoservipag.cl\/wp\/index.php?rest_route=%2Fwp%2Fv2%2Fmedia&parent=8"}],"curies":[{"name":"wp","href":"https:\/\/api.w.org\/{rel}","templated":true}]}}