{"id":2,"date":"2011-08-02T03:42:51","date_gmt":"2011-08-02T03:42:51","guid":{"rendered":"http:\/\/sindicatoservipag.cl\/wp\/?page_id=2"},"modified":"2022-08-08T23:33:35","modified_gmt":"2022-08-08T23:33:35","slug":"sample-page","status":"publish","type":"page","link":"http:\/\/sindicatoservipag.cl\/wp\/?page_id=2","title":{"rendered":"RESE\u00d1A HISTORICA"},"content":{"rendered":"<section  class='av_textblock_section av-3afe-d2913806f4c908d7e3d9df5b708a667c'  itemscope=\"itemscope\" itemtype=\"https:\/\/schema.org\/CreativeWork\" ><div class='avia_textblock'  itemprop=\"text\" ><p><strong><em>Despu\u00e9s de extendidas conversaciones, en la sede del Sindicato de Ferrocarriles del Estado, en la calle, Bascu\u00f1\u00e1n Guerrero, el d\u00eda viernes 4 de Febrero del a\u00f1o 2000, logramos constituir el Sindicato de Trabajadores Servipag, con un foro de m\u00e1s de 100 personas que inclu\u00edan socios que han llegado a ocupar altos cargos en nuestra empresa<\/em><\/strong><\/p>\n<p><strong><em>Al comienzo, sin tener donde reunirnos, pidiendo prestadas sedes sindicales que nos apoyaron en primeras instancia, logr\u00e1bamos nuestras primeras reuniones, en el mes de Diciembre del a\u00f1o 2000, presentamos nuestra primera Negociaci\u00f3n Colectiva, como sindicato nuestra primera prueba de fuego, el resultado una huelga que nos llevo a estar 23 d\u00edas protestando en las calles, incluso pasando las fiestas de Navidad y a\u00f1o nuevo, en esas fechas nuestro coraz\u00f3n estaba con nuestra familia, pero nuestro pensamiento estaba con pedir algo justo. Mirando hacia atr\u00e1s dejamos un tanto las rencillas de lado y nos enfocamos en el presente, pero nunca olvidando, el esp\u00edritu, la fuerza y la lealtad de aquellos socios que han engrandecido este sindicato.<\/em><\/strong><\/p>\n<p><strong><em>Lamentablemente o afortunadamente tal vez, se encontraba por esa fecha trabajando, el ser m\u00e1s d\u00e9spota y humillante que ha pasado por nuestra empresa, se encontraba nada mas ni nada menos a la cabeza de RRHH el objetivo de el era claro, denigrar nuestra fortaleza como trabajadores, en ese entonces nos d\u00e1bamos cuenta que hab\u00edamos perdimos una batalla, a lo mejor por que nuestras demandas eran muy elevadas para ese entonces, pero como sindicato sab\u00edamos que era solo una batalla, as\u00ed que nos armamos de valor y seguimos adelante.<\/em><\/strong><\/p>\n<p><strong><em>Aprendimos a levantarnos una y otra vez, la lucha que dimos por esos a\u00f1os eso a\u00f1os fue importante, fuimos conocidos por la fortaleza de nuestros trabajadores marcando un icono dentro de la sociedad Bancaria, en donde se nos presto todo el apoyo, fue as\u00ed, que el sindicato del Banco Internacional nos cobij\u00f3 en su sede por m\u00e1s de 6 a\u00f1os siendo parte integra de la Confederaci\u00f3n Bancaria de Chile. Ahora somos parte de CONABAN ( Confederaci\u00f3n Nacional de Sindicatos de la Rama Bancaria, Filiales, Compa\u00f1\u00edas de Seguro y de Apoyo al Giro ), crecimos e hemos ido aprendiendo de ellos.<\/em><\/strong><\/p>\n<p><strong><em>En la Negociaci\u00f3n Colectiva del a\u00f1o 2006, logramos nuestra autonom\u00eda con una Sede Sindical, de la cual nos sentimos contentos ya que es parte de todo el esfuerzo de cada uno de los socios que han pasado y los cuales todav\u00eda permanecen en nuestra organizaci\u00f3n, dentro de estos a\u00f1os hemos logrados muchos avances, enumerar cada uno de ello seria innecesario, pero cabe destacar que le hemos dado todas las respuestas a cada requerimiento del socio que lo ha necesitado.<\/em><\/strong><\/p>\n<p><strong><em>Nuestra misi\u00f3n como Organizaci\u00f3n, desde un comienzo fue terminar con las largas jornadas de trabajo, los bajos salarios, los abusos por los que hemos sido parte de las jefaturas directas.<\/em><\/strong><\/p>\n<p><strong><em>Hoy , lucharemos incansablemente por que se sigan respetando todos los Derechos Fundamentales de los trabajadores y nunca permitiremos discriminaci\u00f3n de ninguna especie directa o indirectamente para un socio de nuestra Organizaci\u00f3n, adem\u00e1s mejorar las condiciones de trabajo y llevar una Negociaci\u00f3n Colectiva digna para cada uno de nosotros.<\/em><\/strong><\/p>\n<p><strong><em>El futuro que nos espera es incierto, dentro de la Empresa somos el ente fiscalizador, sabemos que tenemos un buen cimiento, y que vamos por buen camino, para los que vengan dejaremos una Organizaci\u00f3n que es respetada y conocida a Nivel Nacional e internacional, ya que tambi\u00e9n hemos tenido la oportunidad de participar en Congresos internacionales, conociendo diferentes realidades adem\u00e1s de la nuestra.<\/em><\/strong><\/p>\n<p><strong><em>Despu\u00e9s de muchas Negociaciones, hemos logrado que se considere a cada trabajador de cada \u00e1rea de nuestra Empresa, alcanzando beneficios Universales y tambi\u00e9n espec\u00edficos. Nuestro Trabajo Sindical tiene como objetivo principal, conseguir el respeto a nuestra Organizaci\u00f3n, como tambi\u00e9n el de lograr la Unidad de todos los trabajadores, luchando como uno solo, para que nuestros Derechos Fundamentales no sean vulnerados y cada trabajador y trabajadora sean respetados y valorado como tal.<\/em><\/strong><\/p>\n<p align=\"center\"><strong><em>La Directiva<\/em><\/strong><\/p>\n<\/div><\/section>\n","protected":false},"excerpt":{"rendered":"","protected":false},"author":1,"featured_media":0,"parent":0,"menu_order":1,"comment_status":"closed","ping_status":"closed","template":"","meta":[],"_links":{"self":[{"href":"http:\/\/sindicatoservipag.cl\/wp\/index.php?rest_route=\/wp\/v2\/pages\/2"}],"collection":[{"href":"http:\/\/sindicatoservipag.cl\/wp\/index.php?rest_route=\/wp\/v2\/pages"}],"about":[{"href":"http:\/\/sindicatoservipag.cl\/wp\/index.php?rest_route=\/wp\/v2\/types\/page"}],"author":[{"embeddable":true,"href":"http:\/\/sindicatoservipag.cl\/wp\/index.php?rest_route=\/wp\/v2\/users\/1"}],"replies":[{"embeddable":true,"href":"http:\/\/sindicatoservipag.cl\/wp\/index.php?rest_route=%2Fwp%2Fv2%2Fcomments&post=2"}],"version-history":[{"count":14,"href":"http:\/\/sindicatoservipag.cl\/wp\/index.php?rest_route=\/wp\/v2\/pages\/2\/revisions"}],"predecessor-version":[{"id":1414,"href":"http:\/\/sindicatoservipag.cl\/wp\/index.php?rest_route=\/wp\/v2\/pages\/2\/revisions\/1414"}],"wp:attachment":[{"href":"http:\/\/sindicatoservipag.cl\/wp\/index.php?rest_route=%2Fwp%2Fv2%2Fmedia&parent=2"}],"curies":[{"name":"wp","href":"https:\/\/api.w.org\/{rel}","templated":true}]}}