{"id":1111,"date":"2018-01-19T16:57:58","date_gmt":"2018-01-19T16:57:58","guid":{"rendered":"http:\/\/sindicatoservipag.cl\/wp\/?page_id=1111"},"modified":"2022-08-07T04:29:19","modified_gmt":"2022-08-07T04:29:19","slug":"retiro-programado","status":"publish","type":"page","link":"http:\/\/sindicatoservipag.cl\/wp\/?page_id=1111","title":{"rendered":"RETIRO PROGRAMADO"},"content":{"rendered":"<div class='flex_column av-2hxjs7-594e98523621a8551e7c297af0a8bc4e av_one_half  avia-builder-el-0  el_before_av_one_half  avia-builder-el-first  first flex_column_div '   ><section  class='av_textblock_section av-l6in6lgt-560652b8812faa220157b387638f03ea'  itemscope=\"itemscope\" itemtype=\"https:\/\/schema.org\/CreativeWork\" ><div class='avia_textblock'  itemprop=\"text\" ><p>Sindicato de Empresa Servipag en conjunto con la Empresa Servipag Ltda., se comprometen a hacer cumplir el siguiente procedimiento de acuerdo a la clausula Retiro Programado establecida en el Contrato Colectivo Vigente.<\/p>\n<p>El beneficio de Retiro Programado consiste en la posibilidad que la empresa pague al n\u00famero de socios determinados en el Contrato Colectivo vigente <em>Clausula Retiro Programado<\/em>, durante cada a\u00f1o calendario, un monto equivalente a la indemnizaci\u00f3n por a\u00f1os de servicio que le habr\u00eda correspondido en caso de terminar su contrato por necesidades de la empresa, en caso que deban renunciar al empleo cumpliendo con las formalidades legales, por las siguientes causas: enfermedades graves que impidan su normal desempe\u00f1o en el cargo lo que deber\u00e1 ser evaluada por el m\u00e9dico contralor de la empresa, por cumplir con los requisitos para pensionarse ya sea por invalidez o por vejez, y excepcionalmente tambi\u00e9n podr\u00e1n acogerse a este beneficio aquellos trabajadores con una antig\u00fcedad igual o superior a 8\u00a0 a\u00f1os de servicios ininterrumpidos en la empresa.<\/p>\n<p>La elecci\u00f3n de los beneficiados se efectuar\u00e1 en forma conjunta por la directiva sindical y la Gerencia de R.R.H.H de Servipag.\u00a0 La elecci\u00f3n del candidato se realizar\u00e1 en funci\u00f3n a la fecha de postulaci\u00f3n a este beneficio.<\/p>\n<p>Una vez adjudicado el beneficio, el trabajador solo podr\u00e1 posponerlo una vez.<\/p>\n<p><em>Descripci\u00f3n del proceso<\/em><\/p>\n<ul>\n<li>Al 30 de enero Sindicato presentara 5 candidatos a retiro programado<\/li>\n<li>En Mesa de Trabajo (RRHH &amp; Sindicato) a realizarse en febrero, se entregar\u00e1 al Sindicato evaluaci\u00f3n de los candidatos por parte de la empresa.<\/li>\n<li>Al 30 marzo, se realizar\u00e1 el termino de contrato de los candidatos aprobados.<\/li>\n<\/ul>\n<ul>\n<li>Al 30 de Julio Sindicato presentara 5 candidatos a retiro programado<\/li>\n<li>En Mesa de Trabajo (RRHH &amp; Sindicato) a realizarse en agosto, se entregar\u00e1 al Sindicato evaluaci\u00f3n de los candidatos por parte de la empresa.<\/li>\n<li>Al 30 septiembre, se realizar\u00e1 el termino de contrato de los candidatos aprobados.<\/li>\n<\/ul>\n<p>Asimismo, las partes acuerdan que adicionalmente 2 trabajadores podr\u00e1n acceder a pesar de no cumplir con los requisitos antes establecidos a este beneficio por la detecci\u00f3n de enfermedad grave del trabajador con diagnostico reciente, lo que deber\u00e1 ser informado por el Sindicato presentando los antecedentes respectivos, y la elecci\u00f3n de los beneficiados se efectuar\u00e1 de forma conjunta por la directiva sindical y la Gerencia de Recursos Humanos de Servipag.<\/p>\n<\/div><\/section><\/div><div class='flex_column av-49daaf-ba99dbf50d35712290257f215344963f av_one_half  avia-builder-el-2  el_after_av_one_half  el_before_av_one_half  flex_column_div '   ><section  class='av_textblock_section av-l6in8lwi-6d9dd72a931b2e46b828292a8050fe35'  itemscope=\"itemscope\" itemtype=\"https:\/\/schema.org\/CreativeWork\" ><div class='avia_textblock'  itemprop=\"text\" ><p>Excepci\u00f3n: en caso de que a noviembre de cada a\u00f1o, no se utilicen los cupos anteriormente mencionados, se evaluara por ambas partes el retiro programado a 1 trabajador, por motivo enfermedad cr\u00f3nica.<\/p>\n<p>La Clausula de Termino de Contrato aplicada en Finiquito, ser\u00e1 Art. 159 N\u00b01 Mutuo Acuerdo de las Partes.<\/p>\n<table>\n<tbody>\n<tr>\n<td width=\"262\">Pilar Ugarte Uribe<\/p>\n<p>Gerente de RRHH<\/p>\n<p>Servipag Ltda<\/td>\n<td width=\"64\"><\/td>\n<td width=\"256\">Fanny Pe\u00f1a Zamora<\/p>\n<p>Presidenta<\/p>\n<p>Sindicato Servipag<\/td>\n<\/tr>\n<\/tbody>\n<\/table>\n<\/div><\/section><\/div><\/p>\n<div class='flex_column av-2fdtbb-87b59ed08d1b6b3c0dbef3ce91ac660a av_one_half  avia-builder-el-4  el_after_av_one_half  avia-builder-el-last  first flex_column_div column-top-margin'   ><style type=\"text\/css\" data-created_by=\"avia_inline_auto\" id=\"style-css-av-l6ilapfa-425398f69208675799d1b1f07c5b672c\">\n#top .av-special-heading.av-l6ilapfa-425398f69208675799d1b1f07c5b672c{\npadding-bottom:10px;\ncolor:#af0000;\n}\nbody .av-special-heading.av-l6ilapfa-425398f69208675799d1b1f07c5b672c .av-special-heading-tag .heading-char{\nfont-size:25px;\n}\n.av-special-heading.av-l6ilapfa-425398f69208675799d1b1f07c5b672c .special-heading-inner-border{\nborder-color:#af0000;\n}\n.av-special-heading.av-l6ilapfa-425398f69208675799d1b1f07c5b672c .av-subheading{\nfont-size:15px;\n}\n<\/style>\n<div  class='av-special-heading av-l6ilapfa-425398f69208675799d1b1f07c5b672c av-special-heading-h3 custom-color-heading  avia-builder-el-5  avia-builder-el-no-sibling  av-linked-heading'><h3 class='av-special-heading-tag'  itemprop=\"headline\"  ><a class=\"av-heading-link\" href=\"http:\/\/sindicatoservipag.cl\/wp\/wp-content\/uploads\/2022\/08\/formulario-retiro-programdo-2022.pdf\" target=\"_blank\"  rel=\"noopener noreferrer\">Formulario de retiro programado, para descargar pinche aqu\u00ed.<\/a><\/h3><div class=\"special-heading-border\"><div class=\"special-heading-inner-border\"><\/div><\/div><\/div><\/div>\n","protected":false},"excerpt":{"rendered":"","protected":false},"author":1,"featured_media":0,"parent":0,"menu_order":0,"comment_status":"closed","ping_status":"closed","template":"","meta":[],"_links":{"self":[{"href":"http:\/\/sindicatoservipag.cl\/wp\/index.php?rest_route=\/wp\/v2\/pages\/1111"}],"collection":[{"href":"http:\/\/sindicatoservipag.cl\/wp\/index.php?rest_route=\/wp\/v2\/pages"}],"about":[{"href":"http:\/\/sindicatoservipag.cl\/wp\/index.php?rest_route=\/wp\/v2\/types\/page"}],"author":[{"embeddable":true,"href":"http:\/\/sindicatoservipag.cl\/wp\/index.php?rest_route=\/wp\/v2\/users\/1"}],"replies":[{"embeddable":true,"href":"http:\/\/sindicatoservipag.cl\/wp\/index.php?rest_route=%2Fwp%2Fv2%2Fcomments&post=1111"}],"version-history":[{"count":14,"href":"http:\/\/sindicatoservipag.cl\/wp\/index.php?rest_route=\/wp\/v2\/pages\/1111\/revisions"}],"predecessor-version":[{"id":1413,"href":"http:\/\/sindicatoservipag.cl\/wp\/index.php?rest_route=\/wp\/v2\/pages\/1111\/revisions\/1413"}],"wp:attachment":[{"href":"http:\/\/sindicatoservipag.cl\/wp\/index.php?rest_route=%2Fwp%2Fv2%2Fmedia&parent=1111"}],"curies":[{"name":"wp","href":"https:\/\/api.w.org\/{rel}","templated":true}]}}