{"id":1073,"date":"2017-09-27T14:40:31","date_gmt":"2017-09-27T14:40:31","guid":{"rendered":"http:\/\/sindicatoservipag.cl\/wp\/?page_id=1073"},"modified":"2025-01-16T11:13:03","modified_gmt":"2025-01-16T11:13:03","slug":"mejoras-obtenidas","status":"publish","type":"page","link":"http:\/\/sindicatoservipag.cl\/wp\/?page_id=1073","title":{"rendered":"MEJORAS OBTENIDAS"},"content":{"rendered":"<div class='flex_column av-lk01hbnm-0241dfb5a3c4774e4d034ebccc109df7 av_one_full  avia-builder-el-0  el_before_av_one_full  avia-builder-el-first  first flex_column_div '   ><section  class='av_textblock_section av-lk02af2g-d22facf1a7d10a0617a7b73e2a31ec28'  itemscope=\"itemscope\" itemtype=\"https:\/\/schema.org\/CreativeWork\" ><div class='avia_textblock'  itemprop=\"text\" ><blockquote>\n<h3>&#8211;<strong> Febrero 2023, Se incrementa sueldo base a trabajadores que ingrasaron al Sindicato en el a\u00f1o 2022, por concepto de: <\/strong>Asignaci\u00f3n Trabajo s\u00e1bado, domingo y\u00a0 festivo m\u00e1s semana corrida, que la Empresa hab\u00eda excluido una vez que estos trabajadores ingresaron al Sindicato ( Pr\u00e1ctica Anti-Sindical ). Esto involucr\u00f3 a 9 trabajadores.<\/h3>\n<\/blockquote>\n<h3><\/h3>\n<blockquote>\n<h3><strong>&#8211; Diciembre 2022, tres de nuestros Directores forman parte de la Directiva de la Confederaci\u00f3n Conaban; Yanine Tard\u00f3n B: Vice Presidenta, Fanny Pe\u00f1a Z: Directora Nacional de Negociaci\u00f3n Colectiva, Rodrigo Fernadez M: Director Nacional.<\/strong><\/h3>\n<\/blockquote>\n<h3><\/h3>\n<\/div><\/section><\/div>\n<div class='flex_column av-22kkch-b07c778e058b2439beb399bf4a95d5c9 av_one_full  avia-builder-el-2  el_after_av_one_full  el_before_av_one_full  first flex_column_div column-top-margin'   ><section  class='av_textblock_section av-m5z815xf-ba7639d63750f3eb8dc295549c646374'  itemscope=\"itemscope\" itemtype=\"https:\/\/schema.org\/CreativeWork\" ><div class='avia_textblock'  itemprop=\"text\" ><p>&#8230;..<\/p>\n<\/div><\/section><\/div><div class='flex_column av-ljzybqmg-514551f53f266ee36c1ba6b410c44f4f av_one_full  avia-builder-el-4  el_after_av_one_full  el_before_av_one_full  first flex_column_div column-top-margin'   ><section  class='av_textblock_section av-ljzz6e3p-4a5eccb4d344d31cd78d49866246c892'  itemscope=\"itemscope\" itemtype=\"https:\/\/schema.org\/CreativeWork\" ><div class='avia_textblock'  itemprop=\"text\" ><blockquote>\n<h3><span style=\"color: #000000;\"><strong>&#8211; Abril 2022, Se Negocia Colectivamente con la Empresa, se consiguen nuevas cl\u00e1usulas y se mejoran las cl\u00e1usulas ya obtenidas en 2019.<\/strong><\/span><\/h3>\n<\/blockquote>\n<h3><\/h3>\n<blockquote>\n<h3><span style=\"color: #000000;\"><strong>&#8211; Enero 2022, se da a conocer a la Empresa que arrastra por m\u00e1s de un a\u00f1o un no pago del 0.1% de IPC, el cual se revisa y finalmente es pagado en marzo a todos los trabajadores que correspond\u00eda.<\/strong><\/span><\/h3>\n<\/blockquote>\n<blockquote>\n<h3><span style=\"color: #000000;\"><strong>&#8211;<span style=\"color: #000000;\"> 8 de Julio 2022, se solicita una Fiscalizaci\u00f3n por no pago de asignaci\u00f3n\u00a0 \u00abAnticipo Movilizaci\u00f3n Terreno\u00bb. Se realiza un trabajo con el asesor del Sindicato y consigue al final que la Empresa pague esta Asignaci\u00f3n a los Trabajadores que siguieron con la Denuncia, lo que conllev\u00f3 a que el pago de esta asignaci\u00f3n se incrementara en el sueldo base en marzo 2023 en adelante. Esto involucr\u00f3 a 15 trabajadores.<\/span><\/strong><\/span><\/h3>\n<\/blockquote>\n<blockquote>\n<h3><span style=\"color: #000000;\"><strong>&#8211; 27 Julio 2022, Se Denuncia por escrituraci\u00f3n de Anexo reajustabilidad de los sueldos base, ya que se agrega un p\u00e1rrafo que no tiene nada que ver con el Anexo, como es la funcionalidad de los trabajadores.<\/strong><\/span><\/h3>\n<\/blockquote>\n<blockquote>\n<h3><span style=\"color: #000000;\"><strong>&#8211; 3 Agosto 2022, Se solicita a la Empresa que pague las asignaciones del Contrato Colectivo a los trabajadores que ingresan al Sindicato.<\/strong><\/span><\/h3>\n<\/blockquote>\n<blockquote>\n<h3><span style=\"color: #000000;\"><strong>&#8211; 18 Agosto 2022, Se Denuncia por Vulneraci\u00f3n de derechos a los trabajadores que en sus cajas ten\u00edan fecas de rat\u00f3n, se fiscaliza por el SEREMI de salud el lugar y otros m\u00e1s.<\/strong><\/span><\/h3>\n<\/blockquote>\n<p>-Pulsa aqu\u00ed para a\u00f1adir un texto<\/p>\n<\/div><\/section><\/div><\/p>\n<div class='flex_column av-4xqrrl-ef443bd5b0285568643717c7c2b67ab2 av_one_full  avia-builder-el-6  el_after_av_one_full  el_before_av_one_full  first flex_column_div column-top-margin'   ><\/div>\n<div class='flex_column av-ljzxqapd-a193af7bc22a44d016ce7fa78c5b7a03 av_one_full  avia-builder-el-7  el_after_av_one_full  el_before_av_one_full  first flex_column_div column-top-margin'   ><section  class='av_textblock_section av-ljzxwe0v-aebe8f100987f89dd2d1effc3d95963a'  itemscope=\"itemscope\" itemtype=\"https:\/\/schema.org\/CreativeWork\" ><div class='avia_textblock'  itemprop=\"text\" ><blockquote>\n<h3><strong>&#8211; 23 de Julio 2019, se Denuncia el incumplimientode pagos de Asignaci\u00f3n de responzabilidad y\/o incentivo a Tesoreros y cajeros-tesoreros.<\/strong><\/h3>\n<\/blockquote>\n<h3><\/h3>\n<blockquote>\n<h3><strong>&#8211; 30 de Julio 2019, se Denuncia por no cumplimiento del Contrato Colectivo.<\/strong><\/h3>\n<\/blockquote>\n<h3><\/h3>\n<blockquote>\n<h3><strong>&#8211; Julio 2019, Nuetra Organizaci\u00f3n ingresamos a la Confederaci\u00f3n CONABAN. adem\u00e1s tres de nuestros Dirigentes formaran parte de Directiva de la Conaban.\u00a0<\/strong><\/h3>\n<\/blockquote>\n<h3><\/h3>\n<blockquote>\n<h3><strong>&#8211; Agosto 2019, se <\/strong><strong>denuncia el no pago de la asignaci\u00f3n SEMANA CORRIDA S\u00c1BADO, DOMINGO.\u00a0<\/strong><\/h3>\n<\/blockquote>\n<h3><\/h3>\n<blockquote>\n<h3><strong>&#8211; Se presenta Carta de Amonestaci\u00f3n a la Jefa de Administraci\u00f3n de Personas BETZAB\u00c9 MARTINEZ, por error en pago del Bono Marzo.<\/strong><\/h3>\n<h3><\/h3>\n<\/blockquote>\n<h3><\/h3>\n<blockquote>\n<h3><strong>&#8211; Se consigue una Resoluci\u00f3n Judicial que otorga permiso con goce de remuneraci\u00f3n para trabajadores con enfermedades de base, mujeres embarazadas y otros. En el contexto de Pandemia Covid-19<\/strong><\/h3>\n<\/blockquote>\n<\/div><\/section><\/div>\n<div class='flex_column av-2o0lk1-aa6759114daafc6ca0be843e19a30009 av_one_full  avia-builder-el-9  el_after_av_one_full  el_before_av_one_full  first flex_column_div column-top-margin'   ><\/div>\n<div class='flex_column av-7b1jlt-a8e1471345d5313026562082b4bedbc6 av_one_full  avia-builder-el-10  el_after_av_one_full  el_before_av_one_full  first flex_column_div column-top-margin'   ><section  class='av_textblock_section av-lhf6gdaq-e41e1889a6712c0337f264550238dd4b'  itemscope=\"itemscope\" itemtype=\"https:\/\/schema.org\/CreativeWork\" ><div class='avia_textblock'  itemprop=\"text\" ><p><strong>Estimados(as) hoy Sindicato de Empresa Servipag Ltda. Les saluda y abraza<\/strong><br \/>\n<strong>a cada uno de ustedes.<\/strong><br \/>\n<strong>Este 1\u00b0 de mayo se recibe la noticia de la promulgaci\u00f3n de la ley de las 40<\/strong><br \/>\n<strong>horas, si bien, nuestra empresa se acogi\u00f3 desde el a\u00f1o pasado a la jornada<\/strong><br \/>\n<strong>laboral de 40 horas semanales, es tambi\u00e9n bueno decir que no es lo unico<\/strong><br \/>\n<strong>que trae esta ley, si no que tiene otras indicaciones y como directivos<\/strong><br \/>\n<strong>estamos atentos a ellas las cuales debiesen implementarse en la empresa,<\/strong><br \/>\n<strong>todo esto se comunicar\u00e1 en su momento.<\/strong><br \/>\n<strong>Pero tambi\u00e9n, debemos decir y lamentar que hoy se iba a mencionar por<\/strong><br \/>\n<strong>parte del gobierno el aumento del Ingreso M\u00ednimo Mensual, pero un<\/strong><br \/>\n<strong>sector no quiso verlo ahora, si no hasta despu\u00e9s de las elecciones, terrible<\/strong><br \/>\n<strong>decisi\u00f3n, pues es un castigo a las familias chilenas y de los trabajadores<\/strong><br \/>\n<strong>que estan recibiendo en sus sueldos el ingreso m\u00ednimo mensual, y que no<\/strong><br \/>\n<strong>pueden seguir esperando, ha sido un ego\u00edsmo tremendo de algunos<\/strong><br \/>\n<strong>parlamentarios, porque hay que decirlo, hoy las empresas est\u00e1n<\/strong><br \/>\n<strong>contratando por 410 mil pesos, que es el minimo, y lamentamos que<\/strong><br \/>\n<strong>muchos trabajadores que entran a Servipag, su sueldo base, est\u00e9 en ese<\/strong><br \/>\n<strong>m\u00ednimo, y nos referimos principalmente a la contrataci\u00f3n de los nuevos<\/strong><br \/>\n<strong>OSI en su mayor\u00eda, ojal\u00e1 estos trabajadores entren al sindicato para<\/strong><br \/>\n<strong>mejorar sus condiciones, sean de contrato fijo o indefinido. Se hace ese<\/strong><br \/>\n<strong>llamado. No puede haber tanta desigualdad.<\/strong><br \/>\n<strong>Tambi\u00e9n, queremos decirle que los dirigentes bases de Conaban, a la cual<\/strong><br \/>\n<strong>pertenecemos, marcharemos hoy unidos. Debemos alzar las voces para<\/strong><br \/>\n<strong>que se legisle en este gobierno, junto a su ministra del trabajo Jeanette<\/strong><br \/>\n<strong>Jara, la Negociaci\u00f3n ramal, sectorial y territorial (negociaci\u00f3n tripartita);<\/strong><br \/>\n<strong>\u00fanica forma para que los trabajadores del sector financiero, al cual<\/strong><br \/>\n<strong>pertenecemos mejoren mucho m\u00e1s las condiciones, tanto en los sueldos,<\/strong><br \/>\n<strong>en la funcionalidad de cargos, como tambi\u00e9n en la entrega real de la<\/strong><br \/>\n<strong>repartici\u00f3n de utilidades que nuestro sector genera. Es una aspiraci\u00f3n que<\/strong><br \/>\n<strong>cada vez est\u00e1 m\u00e1s cerca y es una de las tareas fundamentales que esta<\/strong><br \/>\n<strong>empujando la Confederaci\u00f3n CONABAN.<\/strong><br \/>\n<strong>Desde ya le damos a todos(as) un gran abrazo fraternal en este d\u00eda del<\/strong><br \/>\n<strong>trabajo, que pasen un d\u00eda tranquilo junto a sus familias y seres queridos.<\/strong><br \/>\n<strong>Desde ya, siempre dispuestos a escucharlos, y seguir adelante con la<\/strong><br \/>\n<strong>fuerza de ustedes.<\/strong><\/p>\n<p><strong>LA DIRECTIVA<\/strong><\/p>\n<\/div><\/section><\/div>\n<div class='flex_column av-5mzz8x-cac61d954f605f880ce4a2c811e836b0 av_one_full  avia-builder-el-12  el_after_av_one_full  el_before_av_one_full  first flex_column_div column-top-margin'   ><div  class='hr av-4wkz4x-67ef20c34ac20f374f607de80d592945 hr-default  avia-builder-el-13  avia-builder-el-no-sibling '><span class='hr-inner '><span class=\"hr-inner-style\"><\/span><\/span><\/div><\/div>\n<div class='flex_column av-2svxa9-441336e3853e3b15e606cd34d84f253f av_one_full  avia-builder-el-14  el_after_av_one_full  el_before_av_one_full  first flex_column_div column-top-margin'   ><section  class='av_textblock_section av-pcgbep-65245548e810b2158fb466ddbb6b3709'  itemscope=\"itemscope\" itemtype=\"https:\/\/schema.org\/CreativeWork\" ><div class='avia_textblock'  itemprop=\"text\" ><p>&#8211; EL D\u00cdA 16 DE ABRIL DE 2019, ES DEPOSITADO EN LA INSPECCI\u00d3N DEL TRABAJO NUESTRO CONTRATO COLECTIVO, CON MEJORAS SUSTANCIALES EN LO YA OBTENIDO Y NUEVOS  BENEFICIOS PARA LOS TRABAJADORES. LUEGO DE MESES DE ARDUO TRABAJO Y ESPERA POR LOS SERVICIOS M\u00cdNIMOS, LOGRAMOS NEGOCIAR CON LA EMPRESA.<\/p>\n<\/div><\/section><\/div>\n<div class='flex_column av-nmbb01-0ecdc6a14a60a33853f9257cce2f4b4a av_one_full  avia-builder-el-16  el_after_av_one_full  el_before_av_one_full  first flex_column_div column-top-margin'   ><div  class='hr av-mng5td-35a3be42952bcd5c4de78982ff2e9a90 hr-default  avia-builder-el-17  avia-builder-el-no-sibling '><span class='hr-inner '><span class=\"hr-inner-style\"><\/span><\/span><\/div><\/div>\n<div class='flex_column av-krs175-0a5efdcf41a9f8db1ab18f1258d9b128 av_one_full  avia-builder-el-18  el_after_av_one_full  el_before_av_one_full  first flex_column_div column-top-margin'   ><section  class='av_textblock_section av-iyfpk1-5aaa7edb818fd989881527eeabb2866c'  itemscope=\"itemscope\" itemtype=\"https:\/\/schema.org\/CreativeWork\" ><div class='avia_textblock'  itemprop=\"text\" ><p>&#8211; EL DIA 14 DE NOVIEMBRE DEL 2018, SE HABILIT\u00d3 UN COMEDOR A TODOS LOS TRABAJADORES DE CASA MATRIZ Y PARA OFICINAS DE ALAMEDA n\u00b0 929. TODO GESTIONADO POR EL SINDICATO.<\/p>\n<\/div><\/section><\/div>\n<div class='flex_column av-hbsxwh-3813a6563db9e650dfc78e9363ade3b0 av_one_full  avia-builder-el-20  el_after_av_one_full  el_before_av_textblock  first flex_column_div column-top-margin'   ><div  class='hr av-furv1t-35a23755458f3c97cb867797bb0e9795 hr-default  avia-builder-el-21  avia-builder-el-no-sibling '><span class='hr-inner '><span class=\"hr-inner-style\"><\/span><\/span><\/div><\/div>\n<section  class='av_textblock_section av-deb9zl-f15193dbd793e3a00e734ed76c31a637'  itemscope=\"itemscope\" itemtype=\"https:\/\/schema.org\/CreativeWork\" ><div class='avia_textblock'  itemprop=\"text\" ><p>&#8211;AIRES ACONDICIONADOS, BA\u00d1OS MAS CERCANOS AL PUNTO DE TRABAJO Y LUGAR PARA COLACI\u00d3N ( AUNQUE AUN FALTAN).<\/p>\n<\/div><\/section>\n<div  class='hr av-c2vvxt-2faff0106297237e613db6d16514f9c3 hr-default  avia-builder-el-23  el_after_av_textblock  el_before_av_textblock '><span class='hr-inner '><span class=\"hr-inner-style\"><\/span><\/span><\/div>\n<section  class='av_textblock_section av-14650h-2e5dfcf2d604c35ff8a451bf9eddfdf3'  itemscope=\"itemscope\" itemtype=\"https:\/\/schema.org\/CreativeWork\" ><div class='avia_textblock'  itemprop=\"text\" ><p>&#8211;VIGILANTES, ( CHALECO ANTI-BALAS, VESTIDORES ( AUNQUE AUN FALTAN), SE AGREGA LA DESIGNACI\u00d3N DE SU CARGO AL REGLAMENTO INETERNO.<br \/>\nSE SOLICITA CAMBIAR LA EMPRESA QUE HACE LOS UNIFORMES, POR INCOMPETENCIAS.<\/p>\n<\/div><\/section>\n<div  class='hr av-8rvz9d-0a8f5c065e28664f04dcf8866b2c6808 hr-default  avia-builder-el-25  el_after_av_textblock  el_before_av_textblock '><span class='hr-inner '><span class=\"hr-inner-style\"><\/span><\/span><\/div>\n<section  class='av_textblock_section av-76bd29-b8a278109675ee6d8cf3e33b23cd1766'  itemscope=\"itemscope\" itemtype=\"https:\/\/schema.org\/CreativeWork\" ><div class='avia_textblock'  itemprop=\"text\" ><p>&#8211;MONITOREO;  SE SOLICITA A RRHH QUE RECIBA A LOS TRABAJADORES DEL \u00c1REA, PARA REBICI\u00d3N DE SUS REMUNERACIONES, (SE LES CANCELAN MONTOS ADEUDADOS).<\/p>\n<\/div><\/section>\n<div  class='hr av-6baog1-2d9bff67e41757e58ef0da8017e64ea2 hr-default  avia-builder-el-27  el_after_av_textblock  el_before_av_textblock '><span class='hr-inner '><span class=\"hr-inner-style\"><\/span><\/span><\/div>\n<section  class='av_textblock_section av-40mfdt-ccfc52a5f14eaa6dd08606e0fb61de29'  itemscope=\"itemscope\" itemtype=\"https:\/\/schema.org\/CreativeWork\" ><div class='avia_textblock'  itemprop=\"text\" ><p>&#8211;EN EL MES DE SEPTIEMBRE DE 2017, SE CONSIGUIERON GIFTCARD PARA LOS SOCIOS, SIN GASTAR EL PATRIMONIO DE NUESTRO SINDICATO.<\/p>\n<\/div><\/section>\n<section  class='av_textblock_section av-2ebg41-fddecd3eb4670e4adb331697f83b6300'  itemscope=\"itemscope\" itemtype=\"https:\/\/schema.org\/CreativeWork\" ><div class='avia_textblock'  itemprop=\"text\" ><p>Pulsa aqu\u00ed para a\u00f1adir un texto<\/p>\n<\/div><\/section>\n<section  class='av_textblock_section av-3533gx-ef18af7c33d24edf4363c68bcf1cc2f3'  itemscope=\"itemscope\" itemtype=\"https:\/\/schema.org\/CreativeWork\" ><div class='avia_textblock'  itemprop=\"text\" ><p>Pulsa aqu\u00ed para a\u00f1adir un texto<\/p>\n<\/div><\/section>\n<section  class='av_textblock_section av-av_textblock-9f1d08d208ea38101768ba4096f09dd7'  itemscope=\"itemscope\" itemtype=\"https:\/\/schema.org\/CreativeWork\" ><div class='avia_textblock'  itemprop=\"text\" ><p>Pulsa aqu\u00ed para a\u00f1adir un texto<\/p>\n<\/div><\/section>\n","protected":false},"excerpt":{"rendered":"","protected":false},"author":1,"featured_media":0,"parent":0,"menu_order":0,"comment_status":"closed","ping_status":"closed","template":"","meta":[],"_links":{"self":[{"href":"http:\/\/sindicatoservipag.cl\/wp\/index.php?rest_route=\/wp\/v2\/pages\/1073"}],"collection":[{"href":"http:\/\/sindicatoservipag.cl\/wp\/index.php?rest_route=\/wp\/v2\/pages"}],"about":[{"href":"http:\/\/sindicatoservipag.cl\/wp\/index.php?rest_route=\/wp\/v2\/types\/page"}],"author":[{"embeddable":true,"href":"http:\/\/sindicatoservipag.cl\/wp\/index.php?rest_route=\/wp\/v2\/users\/1"}],"replies":[{"embeddable":true,"href":"http:\/\/sindicatoservipag.cl\/wp\/index.php?rest_route=%2Fwp%2Fv2%2Fcomments&post=1073"}],"version-history":[{"count":23,"href":"http:\/\/sindicatoservipag.cl\/wp\/index.php?rest_route=\/wp\/v2\/pages\/1073\/revisions"}],"predecessor-version":[{"id":1482,"href":"http:\/\/sindicatoservipag.cl\/wp\/index.php?rest_route=\/wp\/v2\/pages\/1073\/revisions\/1482"}],"wp:attachment":[{"href":"http:\/\/sindicatoservipag.cl\/wp\/index.php?rest_route=%2Fwp%2Fv2%2Fmedia&parent=1073"}],"curies":[{"name":"wp","href":"https:\/\/api.w.org\/{rel}","templated":true}]}}